{"id":44,"date":"2024-09-19T05:29:56","date_gmt":"2024-09-19T02:29:56","guid":{"rendered":"https:\/\/vinademo.com\/tms\/?page_id=44"},"modified":"2025-04-13T13:42:18","modified_gmt":"2025-04-13T10:42:18","slug":"sertifikalar","status":"publish","type":"page","link":"https:\/\/turkishmarinesurvey.com\/en\/kurumsal\/sertifikalar\/","title":{"rendered":"CERTIFICATES"},"content":{"rendered":"<div class=\"wpb-content-wrapper\"><p>[vc_row][vc_column][vc_row_inner][vc_column_inner width=&#8221;1\/4&#8243; css=&#8221;.vc_custom_1726976540295{padding-bottom: 60px !important;}&#8221;][vc_single_image image=&#8221;60&#8243; img_size=&#8221;full&#8221; alignment=&#8221;center&#8221; onclick=&#8221;custom_link&#8221; img_link_target=&#8221;_blank&#8221; css=&#8221;&#8221; link=&#8221;https:\/\/turkishmarinesurvey.com\/wp-content\/uploads\/2024\/09\/tms-itic-insurance-policy.pdf&#8221;][vc_column_text css=&#8221;&#8221;]<a class=\"tms-sertifika-text download2\" href=\"https:\/\/turkishmarinesurvey.com\/wp-content\/uploads\/2024\/09\/tms-itic-insurance-policy.pdf\" target=\"blank\" rel=\"noopener\">ITIC Insurance Policy<i class=\"fa fa-download\"><\/i><\/a>[\/vc_column_text][\/vc_column_inner][vc_column_inner width=&#8221;1\/4&#8243; css=&#8221;.vc_custom_1726976546475{padding-bottom: 60px !important;}&#8221;][vc_single_image image=&#8221;62&#8243; img_size=&#8221;full&#8221; alignment=&#8221;center&#8221; onclick=&#8221;custom_link&#8221; img_link_target=&#8221;_blank&#8221; css=&#8221;&#8221; link=&#8221;https:\/\/turkishmarinesurvey.com\/wp-content\/uploads\/2024\/09\/tms-turkish-marine-9001-bqs-2024.pdf&#8221;][vc_column_text css=&#8221;&#8221;]<a class=\"tms-sertifika-text download2\" href=\"https:\/\/turkishmarinesurvey.com\/wp-content\/uploads\/2024\/09\/tms-turkish-marine-9001-bqs-2024.pdf\" target=\"blank\" rel=\"noopener\">9001 BQS<i class=\"fa fa-download\"><\/i><\/a>[\/vc_column_text][\/vc_column_inner][vc_column_inner width=&#8221;1\/4&#8243; css=&#8221;.vc_custom_1726976552227{padding-bottom: 60px !important;}&#8221;][vc_single_image image=&#8221;66&#8243; img_size=&#8221;full&#8221; alignment=&#8221;center&#8221; onclick=&#8221;custom_link&#8221; img_link_target=&#8221;_blank&#8221; css=&#8221;&#8221; link=&#8221;https:\/\/turkishmarinesurvey.com\/wp-content\/uploads\/2024\/09\/tms-uluslararasi-gozetim-sirketi-belgesi.pdf&#8221;][vc_column_text css=&#8221;&#8221;]<a class=\"tms-sertifika-text download2\" href=\"https:\/\/turkishmarinesurvey.com\/wp-content\/uploads\/2024\/09\/tms-uluslararasi-gozetim-sirketi-belgesi.pdf\" target=\"blank\" rel=\"noopener\">Uluslararas\u0131 G\u00f6zetim \u015eirketi Belgesi<i class=\"fa fa-download\"><\/i><\/a>[\/vc_column_text][\/vc_column_inner][vc_column_inner width=&#8221;1\/4&#8243; css=&#8221;.vc_custom_1726976557583{padding-bottom: 60px !important;}&#8221;][vc_single_image image=&#8221;58&#8243; img_size=&#8221;full&#8221; alignment=&#8221;center&#8221; onclick=&#8221;custom_link&#8221; img_link_target=&#8221;_blank&#8221; css=&#8221;&#8221; link=&#8221;https:\/\/turkishmarinesurvey.com\/wp-content\/uploads\/2024\/09\/tms-authorization-certificate.pdf&#8221;][vc_column_text css=&#8221;&#8221;]<a class=\"tms-sertifika-text download2\" href=\"https:\/\/turkishmarinesurvey.com\/wp-content\/uploads\/2024\/09\/tms-authorization-certificate.pdf\" target=\"blank\" rel=\"noopener\">Authorization Certificate<i class=\"fa fa-download\"><\/i><\/a>[\/vc_column_text][\/vc_column_inner][\/vc_row_inner][vc_row_inner][vc_column_inner width=&#8221;1\/4&#8243; css=&#8221;.vc_custom_1726976540295{padding-bottom: 60px !important;}&#8221;][vc_single_image image=&#8221;68&#8243; img_size=&#8221;full&#8221; alignment=&#8221;center&#8221; onclick=&#8221;custom_link&#8221; img_link_target=&#8221;_blank&#8221; css=&#8221;&#8221; link=&#8221;https:\/\/turkishmarinesurvey.com\/wp-content\/uploads\/2024\/09\/tms-ut-device-calibration-certificate.png&#8221;][vc_column_text css=&#8221;&#8221;]<a class=\"tms-sertifika-text download2\" href=\"https:\/\/turkishmarinesurvey.com\/wp-content\/uploads\/2024\/09\/tms-ut-device-calibration-certificate.png\" target=\"blank\" rel=\"noopener\">UT Device Calibration Certificate<i class=\"fa fa-download\"><\/i><\/a>[\/vc_column_text][\/vc_column_inner][\/vc_row_inner][\/vc_column][\/vc_row]<\/p>\n<\/div>","protected":false},"excerpt":{"rendered":"<p>[vc_row][vc_column][vc_row_inner][vc_column_inner width=&#8221;1\/4&#8243; css=&#8221;.vc_custom_1726976540295{padding-bottom: 60px !important;}&#8221;][vc_single_image image=&#8221;60&#8243; img_size=&#8221;full&#8221; alignment=&#8221;center&#8221; onclick=&#8221;custom_link&#8221; img_link_target=&#8221;_blank&#8221; css=&#8221;&#8221; link=&#8221;https:\/\/turkishmarinesurvey.com\/wp-content\/uploads\/2024\/09\/tms-itic-insurance-policy.pdf&#8221;][vc_column_text css=&#8221;&#8221;]ITIC Insurance Policy[\/vc_column_text][\/vc_column_inner][vc_column_inner width=&#8221;1\/4&#8243; css=&#8221;.vc_custom_1726976546475{padding-bottom: 60px !important;}&#8221;][vc_single_image image=&#8221;62&#8243; img_size=&#8221;full&#8221; alignment=&#8221;center&#8221; onclick=&#8221;custom_link&#8221; img_link_target=&#8221;_blank&#8221; css=&#8221;&#8221; link=&#8221;https:\/\/turkishmarinesurvey.com\/wp-content\/uploads\/2024\/09\/tms-turkish-marine-9001-bqs-2024.pdf&#8221;][vc_column_text css=&#8221;&#8221;]9001 BQS[\/vc_column_text][\/vc_column_inner][vc_column_inner width=&#8221;1\/4&#8243; css=&#8221;.vc_custom_1726976552227{padding-bottom: 60px !important;}&#8221;][vc_single_image image=&#8221;66&#8243; img_size=&#8221;full&#8221; alignment=&#8221;center&#8221; onclick=&#8221;custom_link&#8221; img_link_target=&#8221;_blank&#8221; css=&#8221;&#8221; link=&#8221;https:\/\/turkishmarinesurvey.com\/wp-content\/uploads\/2024\/09\/tms-uluslararasi-gozetim-sirketi-belgesi.pdf&#8221;][vc_column_text css=&#8221;&#8221;]Uluslararas\u0131 G\u00f6zetim \u015eirketi Belgesi[\/vc_column_text][\/vc_column_inner][vc_column_inner width=&#8221;1\/4&#8243; css=&#8221;.vc_custom_1726976557583{padding-bottom: 60px !important;}&#8221;][vc_single_image image=&#8221;58&#8243; img_size=&#8221;full&#8221; alignment=&#8221;center&#8221; onclick=&#8221;custom_link&#8221; img_link_target=&#8221;_blank&#8221; css=&#8221;&#8221; link=&#8221;https:\/\/turkishmarinesurvey.com\/wp-content\/uploads\/2024\/09\/tms-authorization-certificate.pdf&#8221;][vc_column_text css=&#8221;&#8221;]Authorization [&hellip;]<\/p>\n","protected":false},"author":1,"featured_media":0,"parent":37,"menu_order":0,"comment_status":"closed","ping_status":"closed","template":"","meta":{"footnotes":""},"class_list":["post-44","page","type-page","status-publish","hentry"],"_links":{"self":[{"href":"https:\/\/turkishmarinesurvey.com\/en\/wp-json\/wp\/v2\/pages\/44","targetHints":{"allow":["GET"]}}],"collection":[{"href":"https:\/\/turkishmarinesurvey.com\/en\/wp-json\/wp\/v2\/pages"}],"about":[{"href":"https:\/\/turkishmarinesurvey.com\/en\/wp-json\/wp\/v2\/types\/page"}],"author":[{"embeddable":true,"href":"https:\/\/turkishmarinesurvey.com\/en\/wp-json\/wp\/v2\/users\/1"}],"replies":[{"embeddable":true,"href":"https:\/\/turkishmarinesurvey.com\/en\/wp-json\/wp\/v2\/comments?post=44"}],"version-history":[{"count":25,"href":"https:\/\/turkishmarinesurvey.com\/en\/wp-json\/wp\/v2\/pages\/44\/revisions"}],"predecessor-version":[{"id":296,"href":"https:\/\/turkishmarinesurvey.com\/en\/wp-json\/wp\/v2\/pages\/44\/revisions\/296"}],"up":[{"embeddable":true,"href":"https:\/\/turkishmarinesurvey.com\/en\/wp-json\/wp\/v2\/pages\/37"}],"wp:attachment":[{"href":"https:\/\/turkishmarinesurvey.com\/en\/wp-json\/wp\/v2\/media?parent=44"}],"curies":[{"name":"wp","href":"https:\/\/api.w.org\/{rel}","templated":true}]}}